{"id":7899,"date":"2018-07-05T09:52:27","date_gmt":"2018-07-05T09:52:27","guid":{"rendered":"https:\/\/www.haktextile.com\/?page_id=7899"},"modified":"2019-11-18T12:09:38","modified_gmt":"2019-11-18T12:09:38","slug":"anasayfa","status":"publish","type":"page","link":"https:\/\/www.haktextile.com\/","title":{"rendered":"Anasayfa"},"content":{"rendered":"<p>[vc_row][vc_column]\n\t\t\t<!-- START agencyslider REVOLUTION SLIDER 6.1.3 --><p class=\"rs-p-wp-fix\"><\/p>\n\t\t\t<rs-module-wrap id=\"rev_slider_2_1_wrapper\" data-source=\"gallery\" style=\"background:transparent;padding:0;margin:0px auto;margin-top:0;margin-bottom:0;\">\n\t\t\t\t<rs-module id=\"rev_slider_2_1\" style=\"display:none;\" data-version=\"6.1.3\">\n\t\t\t\t\t<rs-slides>\n\t\t\t\t\t\t<rs-slide data-key=\"rs-2\" data-title=\"Slide\" data-anim=\"ei:d;eo:d;s:d,d;r:0;t:slotzoom-vertical,parallaxtobottom;sl:d,d;\">\n\t\t\t\t\t\t\t<img src=\"\/\/www.haktextile.com\/wp-content\/uploads\/2019\/11\/hak-slayt-2.jpg\" title=\"hak-slayt-2\" width=\"1600\" height=\"550\" data-parallax=\"13\" data-panzoom=\"d:10000;e:Back.easeInOut;ss:100;se:120;\" class=\"rev-slidebg\" data-no-retina>\n<!---->\t\t\t\t\t\t<\/rs-slide>\n\t\t\t\t\t\t<rs-slide data-key=\"rs-3\" data-title=\"Slide\" data-anim=\"ei:d;eo:d;s:d,d;r:0;t:slotzoom-vertical,parallaxtobottom;sl:d,d;\">\n\t\t\t\t\t\t\t<img src=\"\/\/www.haktextile.com\/wp-content\/uploads\/2019\/11\/hak-slayt-1.jpg\" title=\"hak-slayt-1\" width=\"1600\" height=\"550\" data-parallax=\"13\" data-panzoom=\"d:10000;e:Back.easeInOut;ss:100;se:120;\" class=\"rev-slidebg\" data-no-retina>\n<!---->\t\t\t\t\t\t<\/rs-slide>\n\t\t\t\t\t<\/rs-slides>\n\t\t\t\t\t<rs-progress class=\"rs-bottom\" style=\"visibility: hidden !important;\"><\/rs-progress>\n\t\t\t\t<\/rs-module>\n\t\t\t\t<script type=\"text\/javascript\">\n\t\t\t\t\tsetREVStartSize({c: 'rev_slider_2_1',rl:[1240,1240,778,480],el:[550,550,600,600],gw:[1600,1600,778,480],gh:[550,550,600,600],layout:'fullwidth',mh:\"0\"});\n\t\t\t\t\tvar\trevapi2,\n\t\t\t\t\t\ttpj;\n\t\t\t\t\tjQuery(function() {\n\t\t\t\t\t\ttpj = jQuery;\n\t\t\t\t\t\tif(tpj(\"#rev_slider_2_1\").revolution == undefined){\n\t\t\t\t\t\t\trevslider_showDoubleJqueryError(\"#rev_slider_2_1\");\n\t\t\t\t\t\t}else{\n\t\t\t\t\t\t\trevapi2 = tpj(\"#rev_slider_2_1\").show().revolution({\n\t\t\t\t\t\t\t\tjsFileLocation:\"\/\/www.haktextile.com\/wp-content\/plugins\/revslider\/public\/assets\/js\/\",\n\t\t\t\t\t\t\t\tsliderLayout:\"fullwidth\",\n\t\t\t\t\t\t\t\tvisibilityLevels:\"1240,1240,778,480\",\n\t\t\t\t\t\t\t\tgridwidth:\"1600,1600,778,480\",\n\t\t\t\t\t\t\t\tgridheight:\"550,550,600,600\",\n\t\t\t\t\t\t\t\tminHeight:\"\",\n\t\t\t\t\t\t\t\tspinner:\"spinner0\",\n\t\t\t\t\t\t\t\teditorheight:\"550,768,600,600\",\n\t\t\t\t\t\t\t\tresponsiveLevels:\"1240,1240,778,480\",\n\t\t\t\t\t\t\t\tdisableProgressBar:\"on\",\n\t\t\t\t\t\t\t\tnavigation: {\n\t\t\t\t\t\t\t\t\tonHoverStop:false\n\t\t\t\t\t\t\t\t},\n\t\t\t\t\t\t\t\tparallax: {\n\t\t\t\t\t\t\t\t\tlevels:[5,10,15,20,25,30,35,40,45,46,47,48,49,50,51,55],\n\t\t\t\t\t\t\t\t\ttype:\"mouse\",\n\t\t\t\t\t\t\t\t\torigo:\"slidercenter\"\n\t\t\t\t\t\t\t\t},\n\t\t\t\t\t\t\t\tfallbacks: {\n\t\t\t\t\t\t\t\t\tallowHTML5AutoPlayOnAndroid:true\n\t\t\t\t\t\t\t\t},\n\t\t\t\t\t\t\t});\n\t\t\t\t\t\t}\n\t\t\t\t\t\t\n\t\t\t\t\t});\n\t\t\t\t<\/script>\n\t\t\t<\/rs-module-wrap>\n\t\t\t<!-- END REVOLUTION SLIDER -->\n[\/vc_column][\/vc_row][vc_row full_width=&#8221;stretch_row&#8221; gap=&#8221;35&#8243; el_class=&#8221;custom-column-set&#8221; css=&#8221;.vc_custom_1573433576369{margin-top: 0px !important;margin-bottom: 0px !important;padding-top: 40px !important;padding-bottom: 40px !important;}&#8221;][vc_column width=&#8221;1\/3&#8243; css=&#8221;.vc_custom_1523533288135{margin-top: 0px !important;margin-bottom: 0px !important;}&#8221;]<div style=\"text-align:center;font-size:60px;line-height:60px;color:#008bd2;\" class=\"rt-counterup element-one font-weight-medium\"  data-counterup-delay=\"100\" data-counterup-time=\"2000\">25<\/div>[vc_custom_heading text=&#8221;Y\u0131ll\u0131k Deneyim&#8221; font_container=&#8221;tag:h4|font_size:15px|text_align:center|line_height:24px&#8221; use_theme_fonts=&#8221;yes&#8221; css=&#8221;.vc_custom_1573434041863{margin-top: 8px !important;}&#8221;][\/vc_column][vc_column width=&#8221;1\/3&#8243; css=&#8221;.vc_custom_1523533301330{margin-top: 0px !important;margin-bottom: 0px !important;}&#8221;]<div style=\"text-align:center;font-size:60px;line-height:60px;color:#008bd2;\" class=\"rt-counterup element-one font-weight-medium\"  data-counterup-delay=\"100\" data-counterup-time=\"2000\">3000<\/div>[vc_custom_heading text=&#8221;m2 \u00dcretim Alan\u0131&#8221; font_container=&#8221;tag:h4|font_size:15px|text_align:center|line_height:24px&#8221; use_theme_fonts=&#8221;yes&#8221; css=&#8221;.vc_custom_1573434157623{margin-top: 8px !important;}&#8221;][\/vc_column][vc_column width=&#8221;1\/3&#8243; css=&#8221;.vc_custom_1523533313150{margin-top: 0px !important;margin-bottom: 0px !important;}&#8221;]<div style=\"text-align:center;font-size:60px;line-height:60px;color:#008bd2;\" class=\"rt-counterup element-one font-weight-medium\"  data-counterup-delay=\"100\" data-counterup-time=\"2000\">1530<\/div>[vc_custom_heading text=&#8221;\u00c7\u00f6z\u00fcm Orta\u011f\u0131&#8221; font_container=&#8221;tag:h4|font_size:15px|text_align:center|line_height:24px&#8221; use_theme_fonts=&#8221;yes&#8221; css=&#8221;.vc_custom_1573434125787{margin-top: 8px !important;}&#8221;][\/vc_column][\/vc_row][vc_row full_width=&#8221;stretch_row_content_no_spaces&#8221; equal_height=&#8221;yes&#8221; content_placement=&#8221;middle&#8221; css=&#8221;.vc_custom_1573433587652{margin-top: 0px !important;margin-bottom: 0px !important;padding-top: 0px !important;}&#8221; el_class=&#8221;visible-lg visible-md hidden-sm hidden-xs&#8221;][vc_column width=&#8221;1\/4&#8243; css=&#8221;.vc_custom_1573434643520{padding-top: 100px !important;padding-bottom: 606px !important;background-image: url(https:\/\/www.haktextile.com\/wp-content\/uploads\/2019\/11\/res-1.jpg?id=8153) !important;background-position: center !important;background-repeat: no-repeat !important;background-size: cover !important;}&#8221;][\/vc_column][vc_column width=&#8221;1\/3&#8243; css=&#8221;.vc_custom_1573434479680{margin-top: 0px !important;margin-bottom: 0px !important;padding-top: 80px !important;padding-right: 40px !important;padding-bottom: 110px !important;padding-left: 40px !important;background-image: url(https:\/\/www.haktextile.com\/wp-content\/uploads\/2019\/11\/arka.jpg?id=8151) !important;background-position: center !important;background-repeat: no-repeat !important;background-size: cover !important;}&#8221;][vc_custom_heading text=&#8221;Biz kimiz ?&#8221; font_container=&#8221;tag:h5|font_size:18px|text_align:left|color:%23008bd2|line_height:24px&#8221; use_theme_fonts=&#8221;yes&#8221; css=&#8221;.vc_custom_1573436338206{margin-top: 30px !important;margin-bottom: 0px !important;}&#8221; el_class=&#8221;letter-spacing-2&#8243;][vc_custom_heading text=&#8221;Hakk\u0131m\u0131zda&#8221; font_container=&#8221;tag:h2|font_size:40px|text_align:left|color:%2313397f|line_height:48px&#8221; use_theme_fonts=&#8221;yes&#8221; css=&#8221;.vc_custom_1573436311126{margin-top: 15px !important;margin-bottom: 0px !important;}&#8221; el_class=&#8221;letter-spacing-0&#8243;][vc_custom_heading text=&#8221;\u00c7eyrek as\u0131rd\u0131r \u00f6rg\u00fc sekt\u00f6r\u00fcnde hizmet veren firmam\u0131z sekt\u00f6r\u00fcn getirdi\u011fi trendleri ve yenilikleri takip ederek bug\u00fcnlere kadar ula\u015fm\u0131\u015ft\u0131r. Tek bir \u00f6rg\u00fc makinas\u0131yla ba\u015flan\u0131lan bu sekt\u00f6rde 25\u2019e yakla\u015fan makina parkuru, geni\u015f m\u00fc\u015fteri a\u011f\u0131 ve m\u00fc\u015fterilerimize sundu\u011fumuz g\u00fcven \u00e7er\u00e7evesinde 3000 metre karelik kendi yerimizde hizmet vermekteyiz.&#8221; font_container=&#8221;tag:p|text_align:left&#8221; use_theme_fonts=&#8221;yes&#8221; css=&#8221;.vc_custom_1573435480348{margin-top: 20px !important;margin-bottom: 0px !important;}&#8221;][vc_custom_heading text=&#8221;M\u00fc\u015fteri memnuniyetini \u00f6ncelik olarak belirledi\u011fimiz bu sekt\u00f6rde 25 senenin getirdi\u011fi hakl\u0131 gururu ya\u015f\u0131yor ve bu tecr\u00fcbe ile birikimi sizlerle bulu\u015fturmak i\u00e7in sab\u0131rs\u0131zlan\u0131yoruz.&#8221; font_container=&#8221;tag:p|text_align:left&#8221; use_theme_fonts=&#8221;yes&#8221; css=&#8221;.vc_custom_1573435489025{margin-top: 20px !important;margin-bottom: 0px !important;}&#8221;]\r<!-- radiantthemes-custom-button -->\r<div class=\"radiantthemes-custom-button hover-style-four rt807647531  font-weight-bold\"  data-button-direction=\"left\" data-button-fullwidth=\"false\"  data-button-icon-position=\"right\"><a style=\" color: #ffffff; line-height: 23px; font-size: 16px;\" class=\"radiantthemes-custom-button-main  vc_custom_1573434415682\" href=\"#\"  title=\"\" target=\"_self\"><div class=\"placeholder\">Devam\u0131n\u0131 Oku<i class=\"fa fa-long-arrow-right\"><\/i><\/div><\/a><\/div>\r<!-- radiantthemes-custom-button -->\r[\/vc_column][vc_column width=&#8221;5\/12&#8243; css=&#8221;.vc_custom_1573434684696{padding-top: 100px !important;padding-bottom: 606px !important;background-image: url(https:\/\/www.haktextile.com\/wp-content\/uploads\/2019\/11\/res-2.jpg?id=8154) !important;background-position: center !important;background-repeat: no-repeat !important;background-size: cover !important;}&#8221;][\/vc_column][\/vc_row][vc_section full_width=&#8221;stretch_row&#8221; css=&#8221;.vc_custom_1573435569483{margin-top: 50px !important;margin-bottom: 0px !important;padding-top: 0px !important;padding-bottom: 0px !important;}&#8221;][vc_row equal_height=&#8221;yes&#8221; content_placement=&#8221;middle&#8221; css=&#8221;.vc_custom_1530696746062{margin-top: 56px !important;margin-bottom: 95px !important;padding-top: 0px !important;padding-bottom: 0px !important;}&#8221;][vc_column css_animation=&#8221;bounceInDown&#8221; width=&#8221;1\/2&#8243; css=&#8221;.vc_custom_1573434924991{margin-top: 0px !important;margin-bottom: 20px !important;padding-top: 0px !important;padding-right: 0px !important;padding-bottom: 0px !important;padding-left: 0px !important;}&#8221; offset=&#8221;vc_col-lg-3 vc_col-md-3 vc_col-xs-12&#8243;][vc_row_inner gap=&#8221;20&#8243; css=&#8221;.vc_custom_1530694037277{margin-top: 0px !important;margin-right: 0px !important;margin-bottom: 0px !important;margin-left: 0px !important;border-bottom-width: 1px !important;padding-top: 0px !important;padding-right: 0px !important;padding-bottom: 26px !important;padding-left: 0px !important;border-bottom-color: #f3f3f3 !important;border-bottom-style: solid !important;}&#8221;][vc_column_inner width=&#8221;1\/6&#8243; css=&#8221;.vc_custom_1530787462758{margin-top: 0px !important;margin-bottom: 0px !important;padding-top: 0px !important;padding-right: 0px !important;padding-bottom: 0px !important;padding-left: 0px !important;}&#8221; offset=&#8221;vc_col-lg-2 vc_col-md-2 vc_col-xs-2&#8243;]<div class=\"radiantthemes-iconbox element-one  rt1086704940\"  data-border-radius=\"square\"><div class=\"radiantthemes-iconbox-holder   vc_custom_1573435131105\"><i class=\"icofont icofont-read-book-alt\"><\/i> <\/div><\/div>[\/vc_column_inner][vc_column_inner width=&#8221;5\/6&#8243; css=&#8221;.vc_custom_1530787478565{margin-top: 0px !important;margin-bottom: 0px !important;padding-top: 0px !important;padding-bottom: 0px !important;}&#8221; offset=&#8221;vc_col-lg-10 vc_col-md-10 vc_col-xs-10&#8243;][vc_custom_heading text=&#8221;M\u00fc\u015fteri Memnuniyeti&#8221; font_container=&#8221;tag:h3|font_size:18px|text_align:left|color:%23030712|line_height:18px&#8221; use_theme_fonts=&#8221;yes&#8221; el_class=&#8221;font-weight-medium letter-spacing&#8211;1&#8243; css=&#8221;.vc_custom_1573435103150{margin-top: 0px !important;margin-bottom: 0px !important;padding-top: 0px !important;padding-bottom: 0px !important;}&#8221;][vc_custom_heading text=&#8221;M\u00fc\u015fteri memnuniyeti \u00fczerine kurdu\u011fumuz hizmet anlay\u0131\u015f\u0131m\u0131zla 7\/24 hizmet vermekteyiz.&#8221; font_container=&#8221;tag:p|font_size:15px|text_align:left|color:%23030712|line_height:26px&#8221; use_theme_fonts=&#8221;yes&#8221; css=&#8221;.vc_custom_1573435116366{margin-top: 17px !important;margin-bottom: 0px !important;padding-top: 0px !important;padding-bottom: 0px !important;}&#8221;][\/vc_column_inner][\/vc_row_inner][vc_row_inner gap=&#8221;20&#8243; css=&#8221;.vc_custom_1530694612277{margin-top: 0px !important;margin-right: 0px !important;margin-bottom: 0px !important;margin-left: 0px !important;padding-top: 26px !important;padding-right: 0px !important;padding-bottom: 0px !important;padding-left: 0px !important;}&#8221;][vc_column_inner width=&#8221;1\/6&#8243; css=&#8221;.vc_custom_1530787615347{margin-top: 0px !important;margin-bottom: 0px !important;padding-top: 0px !important;padding-right: 0px !important;padding-bottom: 0px !important;padding-left: 0px !important;}&#8221; offset=&#8221;vc_col-lg-2 vc_col-md-2 vc_col-xs-2&#8243;]<div class=\"radiantthemes-iconbox element-one  rt2123890176\"  data-border-radius=\"square\"><div class=\"radiantthemes-iconbox-holder   vc_custom_1573435267997\"><i class=\"icofont icofont-globe-alt\"><\/i> <\/div><\/div>[\/vc_column_inner][vc_column_inner width=&#8221;5\/6&#8243; css=&#8221;.vc_custom_1530787639227{margin-top: 0px !important;margin-bottom: 0px !important;padding-top: 0px !important;padding-bottom: 0px !important;}&#8221; offset=&#8221;vc_col-lg-10 vc_col-md-10 vc_col-xs-10&#8243;][vc_custom_heading text=&#8221;Yenilik\u00e7i Yakla\u015f\u0131m&#8221; font_container=&#8221;tag:h3|font_size:18px|text_align:left|color:%23030712|line_height:18px&#8221; use_theme_fonts=&#8221;yes&#8221; el_class=&#8221;font-weight-medium letter-spacing&#8211;1&#8243; css=&#8221;.vc_custom_1573435304367{margin-top: 0px !important;margin-bottom: 0px !important;padding-top: 0px !important;padding-bottom: 0px !important;}&#8221;][vc_custom_heading text=&#8221;\u00c7a\u011fda\u015f y\u00f6ntemler sayesinde kaliteli yenilik\u00e7i hizmet anlay\u0131\u015f\u0131n\u0131 s\u00fcrd\u00fcrmekteyiz.&#8221; font_container=&#8221;tag:p|font_size:15px|text_align:left|color:%23030712|line_height:26px&#8221; use_theme_fonts=&#8221;yes&#8221; css=&#8221;.vc_custom_1573435345338{margin-top: 17px !important;margin-bottom: 0px !important;padding-top: 0px !important;padding-bottom: 0px !important;}&#8221;][\/vc_column_inner][\/vc_row_inner][\/vc_column][vc_column css_animation=&#8221;bounceInDown&#8221; width=&#8221;1\/2&#8243; css=&#8221;.vc_custom_1573434935005{margin-top: 0px !important;margin-bottom: 20px !important;padding-top: 0px !important;padding-right: 0px !important;padding-bottom: 0px !important;padding-left: 0px !important;}&#8221; offset=&#8221;vc_col-lg-3 vc_col-md-3 vc_col-xs-12&#8243;][vc_row_inner gap=&#8221;20&#8243; css=&#8221;.vc_custom_1530698843014{margin-top: 0px !important;margin-right: 0px !important;margin-bottom: 0px !important;margin-left: 0px !important;border-bottom-width: 1px !important;border-left-width: 1px !important;padding-top: 0px !important;padding-right: 0px !important;padding-bottom: 26px !important;padding-left: 6px !important;border-left-color: #f3f3f3 !important;border-left-style: solid !important;border-bottom-color: #f3f3f3 !important;border-bottom-style: solid !important;}&#8221;][vc_column_inner width=&#8221;1\/6&#8243; css=&#8221;.vc_custom_1530787576581{margin-top: 0px !important;margin-bottom: 0px !important;padding-top: 0px !important;padding-right: 0px !important;padding-bottom: 0px !important;padding-left: 0px !important;}&#8221; offset=&#8221;vc_col-lg-2 vc_col-md-2 vc_col-xs-2&#8243;]<div class=\"radiantthemes-iconbox element-one  rt1613421837\"  data-border-radius=\"square\"><div class=\"radiantthemes-iconbox-holder   vc_custom_1573435200397\"><i class=\"icofont icofont-diamond\"><\/i> <\/div><\/div>[\/vc_column_inner][vc_column_inner width=&#8221;5\/6&#8243; css=&#8221;.vc_custom_1530787589429{margin-top: 0px !important;margin-bottom: 0px !important;padding-top: 0px !important;padding-bottom: 0px !important;}&#8221; offset=&#8221;vc_col-lg-10 vc_col-md-10 vc_col-xs-10&#8243;][vc_custom_heading text=&#8221;Kaliteli Hizmet&#8221; font_container=&#8221;tag:h3|font_size:18px|text_align:left|color:%23030712|line_height:18px&#8221; use_theme_fonts=&#8221;yes&#8221; el_class=&#8221;font-weight-medium letter-spacing&#8211;1&#8243; css=&#8221;.vc_custom_1573435211080{margin-top: 0px !important;margin-bottom: 0px !important;padding-top: 0px !important;padding-bottom: 0px !important;}&#8221;][vc_custom_heading text=&#8221;End\u00fcstri sekt\u00f6r\u00fcnde, \u00fcr\u00fcn kalitemizle s\u0131n\u0131rs\u0131z hizmet sunma amac\u0131nday\u0131z.&#8221; font_container=&#8221;tag:p|font_size:15px|text_align:left|color:%23030712|line_height:26px&#8221; use_theme_fonts=&#8221;yes&#8221; css=&#8221;.vc_custom_1573435222315{margin-top: 17px !important;margin-bottom: 0px !important;padding-top: 0px !important;padding-bottom: 0px !important;}&#8221;][\/vc_column_inner][\/vc_row_inner][vc_row_inner gap=&#8221;20&#8243; css=&#8221;.vc_custom_1530698851077{margin-top: 0px !important;margin-right: 0px !important;margin-bottom: 0px !important;margin-left: 0px !important;border-left-width: 1px !important;padding-top: 26px !important;padding-right: 0px !important;padding-bottom: 0px !important;padding-left: 6px !important;border-left-color: #f3f3f3 !important;border-left-style: solid !important;}&#8221;][vc_column_inner width=&#8221;1\/6&#8243; css=&#8221;.vc_custom_1530787626949{margin-top: 0px !important;margin-bottom: 0px !important;padding-top: 0px !important;padding-right: 0px !important;padding-bottom: 0px !important;padding-left: 0px !important;}&#8221; offset=&#8221;vc_col-lg-2 vc_col-md-2 vc_col-xs-2&#8243;]<div class=\"radiantthemes-iconbox element-one  rt1737010488\"  data-border-radius=\"square\"><div class=\"radiantthemes-iconbox-holder   vc_custom_1573435294965\"><i class=\"icofont icofont-imac\"><\/i> <\/div><\/div>[\/vc_column_inner][vc_column_inner width=&#8221;5\/6&#8243; css=&#8221;.vc_custom_1530787654856{margin-top: 0px !important;margin-bottom: 0px !important;padding-top: 0px !important;padding-bottom: 0px !important;}&#8221; offset=&#8221;vc_col-lg-10 vc_col-md-10 vc_col-xs-10&#8243;][vc_custom_heading text=&#8221;Modern Teknoloji&#8221; font_container=&#8221;tag:h3|font_size:18px|text_align:left|color:%23030712|line_height:18px&#8221; use_theme_fonts=&#8221;yes&#8221; el_class=&#8221;font-weight-medium letter-spacing&#8211;1&#8243; css=&#8221;.vc_custom_1573435313646{margin-top: 0px !important;margin-bottom: 0px !important;padding-top: 0px !important;padding-bottom: 0px !important;}&#8221;][vc_custom_heading text=&#8221;\u00dcr\u00fcnlerimizin \u00fcretim a\u015famas\u0131nda her zaman ileri teknoloji makinalar kullan\u0131yoruz.&#8221; font_container=&#8221;tag:p|font_size:15px|text_align:left|color:%23030712|line_height:26px&#8221; use_theme_fonts=&#8221;yes&#8221; css=&#8221;.vc_custom_1573435419804{margin-top: 17px !important;margin-bottom: 0px !important;padding-top: 0px !important;padding-bottom: 0px !important;}&#8221;][\/vc_column_inner][\/vc_row_inner][\/vc_column][vc_column css=&#8221;.vc_custom_1530707021949{padding-left: 30px !important;}&#8221; offset=&#8221;vc_col-lg-6 vc_col-md-6 vc_col-xs-12&#8243;][vc_single_image image=&#8221;8156&#8243; img_size=&#8221;full&#8221; style=&#8221;vc_box_rounded&#8221; css_animation=&#8221;bounceInRight&#8221;][\/vc_column][\/vc_row][\/vc_section][vc_section full_width=&#8221;stretch_row&#8221; disable_element=&#8221;yes&#8221; css=&#8221;.vc_custom_1574078979647{margin-top: 20px !important;margin-bottom: 0px !important;padding-top: 0px !important;padding-bottom: 0px !important;}&#8221;][vc_row css=&#8221;.vc_custom_1530682894615{margin-top: 0px !important;margin-bottom: 0px !important;padding-top: 0px !important;padding-bottom: 0px !important;}&#8221;][vc_column css_animation=&#8221;bottom-to-top&#8221; offset=&#8221;vc_col-lg-2 vc_col-md-2 vc_col-xs-12&#8243;][\/vc_column][vc_column css=&#8221;.vc_custom_1530707277009{margin-top: 0px !important;margin-bottom: 0px !important;padding-top: 0px !important;padding-bottom: 0px !important;}&#8221; offset=&#8221;vc_col-lg-8 vc_col-md-8 vc_col-xs-12&#8243;][vc_custom_heading text=&#8221;Baz\u0131 \u00dcr\u00fcnlerimiz&#8221; font_container=&#8221;tag:h2|font_size:40px|text_align:center|color:%23303030|line_height:48px&#8221; use_theme_fonts=&#8221;yes&#8221; css_animation=&#8221;fadeInUp&#8221; el_class=&#8221;letter-spacing&#8211;1&#8243; css=&#8221;.vc_custom_1573434223106{margin-top: 0px !important;margin-bottom: 0px !important;padding-top: 0px !important;padding-bottom: 0px !important;}&#8221;][vc_custom_heading text=&#8221;Bu b\u00f6l\u00fcmde \u00f6ne \u00e7\u0131kan baz\u0131 \u00fcr\u00fcnlerimizi inceleyebilir, isterseniz t\u00fcm \u00fcr\u00fcnlerimiz butonuna t\u0131klayarak b\u00fct\u00fcn \u00fcr\u00fcn \u00e7e\u015fitlerimizi inceleyebilirsiniz.&#8221; font_container=&#8221;tag:p|text_align:center|color:%23030712&#8243; use_theme_fonts=&#8221;yes&#8221; css_animation=&#8221;fadeInUp&#8221; css=&#8221;.vc_custom_1573434259415{margin-top: 0px !important;margin-bottom: 0px !important;padding-top: 18px !important;padding-bottom: 0px !important;}&#8221;][\/vc_column][vc_column offset=&#8221;vc_col-lg-2 vc_col-md-2 vc_col-xs-12&#8243;][\/vc_column][\/vc_row][vc_row css=&#8221;.vc_custom_1573436115365{padding-top: 30px !important;}&#8221;][vc_column width=&#8221;1\/4&#8243;][vc_single_image image=&#8221;8166&#8243; img_size=&#8221;full&#8221; style=&#8221;vc_box_rounded&#8221; onclick=&#8221;link_image&#8221; css_animation=&#8221;fadeInDown&#8221;][\/vc_column][vc_column width=&#8221;1\/4&#8243;][vc_single_image image=&#8221;8165&#8243; img_size=&#8221;full&#8221; style=&#8221;vc_box_rounded&#8221; onclick=&#8221;link_image&#8221; css_animation=&#8221;fadeInDown&#8221;][\/vc_column][vc_column width=&#8221;1\/4&#8243;][vc_single_image image=&#8221;8163&#8243; img_size=&#8221;full&#8221; style=&#8221;vc_box_rounded&#8221; onclick=&#8221;link_image&#8221; css_animation=&#8221;fadeInDown&#8221;][\/vc_column][vc_column width=&#8221;1\/4&#8243;][vc_single_image image=&#8221;8164&#8243; img_size=&#8221;full&#8221; style=&#8221;vc_box_rounded&#8221; onclick=&#8221;link_image&#8221; css_animation=&#8221;fadeInDown&#8221;][\/vc_column][\/vc_row][vc_row css=&#8221;.vc_custom_1573436115365{padding-top: 30px !important;}&#8221;][vc_column width=&#8221;1\/4&#8243;][vc_single_image image=&#8221;8166&#8243; img_size=&#8221;full&#8221; style=&#8221;vc_box_rounded&#8221; onclick=&#8221;link_image&#8221; css_animation=&#8221;fadeInDown&#8221;][\/vc_column][vc_column width=&#8221;1\/4&#8243;][vc_single_image image=&#8221;8165&#8243; img_size=&#8221;full&#8221; style=&#8221;vc_box_rounded&#8221; onclick=&#8221;link_image&#8221; css_animation=&#8221;fadeInDown&#8221;][\/vc_column][vc_column width=&#8221;1\/4&#8243;][vc_single_image image=&#8221;8163&#8243; img_size=&#8221;full&#8221; style=&#8221;vc_box_rounded&#8221; onclick=&#8221;link_image&#8221; css_animation=&#8221;fadeInDown&#8221;][\/vc_column][vc_column width=&#8221;1\/4&#8243;][vc_single_image image=&#8221;8164&#8243; img_size=&#8221;full&#8221; style=&#8221;vc_box_rounded&#8221; onclick=&#8221;link_image&#8221; css_animation=&#8221;fadeInDown&#8221;][\/vc_column][\/vc_row][vc_row css=&#8221;.vc_custom_1573436243941{padding-top: 30px !important;padding-bottom: 60px !important;}&#8221;][vc_column]\r<!-- radiantthemes-custom-button -->\r<div class=\"radiantthemes-custom-button hover-style-four rt716063320  font-weight-bold\"  data-button-direction=\"center\" data-button-fullwidth=\"false\"  data-button-icon-position=\"right\"><a style=\" color: #ffffff; line-height: 23px; font-size: 16px;\" class=\"radiantthemes-custom-button-main  vc_custom_1573436251285\" href=\"#\"  title=\"\" target=\"_self\"><div class=\"placeholder\">T\u00fcm \u00dcr\u00fcnler<i class=\"fa fa-long-arrow-right\"><\/i><\/div><\/a><\/div>\r<!-- radiantthemes-custom-button -->\r[\/vc_column][\/vc_row][\/vc_section]<\/p>\n","protected":false},"excerpt":{"rendered":"<p>[vc_row][vc_column][\/vc_column][\/vc_row][vc_row full_width=&#8221;stretch_row&#8221; gap=&#8221;35&#8243; el_class=&#8221;custom-column-set&#8221; css=&#8221;.vc_custom_1573433576369{margin-top: 0px !important;margin-bottom: 0px !important;padding-top: 40px !important;padding-bottom: 40px !important;}&#8221;][vc_column width=&#8221;1\/3&#8243; css=&#8221;.vc_custom_1523533288135{margin-top: 0px !important;margin-bottom: 0px !important;}&#8221;][vc_custom_heading text=&#8221;Y\u0131ll\u0131k Deneyim&#8221; font_container=&#8221;tag:h4|font_size:15px|text_align:center|line_height:24px&#8221; use_theme_fonts=&#8221;yes&#8221; css=&#8221;.vc_custom_1573434041863{margin-top: 8px !important;}&#8221;][\/vc_column][vc_column width=&#8221;1\/3&#8243; css=&#8221;.vc_custom_1523533301330{margin-top: 0px !important;margin-bottom: 0px !important;}&#8221;][vc_custom_heading text=&#8221;m2 \u00dcretim Alan\u0131&#8221; font_container=&#8221;tag:h4|font_size:15px|text_align:center|line_height:24px&#8221; use_theme_fonts=&#8221;yes&#8221; css=&#8221;.vc_custom_1573434157623{margin-top: 8px !important;}&#8221;][\/vc_column][vc_column width=&#8221;1\/3&#8243; css=&#8221;.vc_custom_1523533313150{margin-top: 0px !important;margin-bottom: 0px !important;}&#8221;][vc_custom_heading text=&#8221;\u00c7\u00f6z\u00fcm Orta\u011f\u0131&#8221; font_container=&#8221;tag:h4|font_size:15px|text_align:center|line_height:24px&#8221; use_theme_fonts=&#8221;yes&#8221; css=&#8221;.vc_custom_1573434125787{margin-top: 8px !important;}&#8221;][\/vc_column][\/vc_row][vc_row full_width=&#8221;stretch_row_content_no_spaces&#8221; equal_height=&#8221;yes&#8221; [&hellip;]<\/p>\n","protected":false},"author":1,"featured_media":0,"parent":0,"menu_order":0,"comment_status":"closed","ping_status":"closed","template":"","meta":[],"_links":{"self":[{"href":"https:\/\/www.haktextile.com\/wp-json\/wp\/v2\/pages\/7899"}],"collection":[{"href":"https:\/\/www.haktextile.com\/wp-json\/wp\/v2\/pages"}],"about":[{"href":"https:\/\/www.haktextile.com\/wp-json\/wp\/v2\/types\/page"}],"author":[{"embeddable":true,"href":"https:\/\/www.haktextile.com\/wp-json\/wp\/v2\/users\/1"}],"replies":[{"embeddable":true,"href":"https:\/\/www.haktextile.com\/wp-json\/wp\/v2\/comments?post=7899"}],"version-history":[{"count":34,"href":"https:\/\/www.haktextile.com\/wp-json\/wp\/v2\/pages\/7899\/revisions"}],"predecessor-version":[{"id":8363,"href":"https:\/\/www.haktextile.com\/wp-json\/wp\/v2\/pages\/7899\/revisions\/8363"}],"wp:attachment":[{"href":"https:\/\/www.haktextile.com\/wp-json\/wp\/v2\/media?parent=7899"}],"curies":[{"name":"wp","href":"https:\/\/api.w.org\/{rel}","templated":true}]}}